{"id":3841,"date":"2021-12-22T23:41:00","date_gmt":"2021-12-22T23:41:00","guid":{"rendered":"http:\/\/fcipty.com\/box\/?page_id=3841"},"modified":"2022-07-29T01:07:29","modified_gmt":"2022-07-29T01:07:29","slug":"olvido-su-contrasena","status":"publish","type":"page","link":"https:\/\/fcipty.com\/box\/olvido-su-contrasena\/","title":{"rendered":"\u00bfOlvid\u00f3 su contrase\u00f1a?"},"content":{"rendered":"<div class=\"ef3-gtb-block wp-block-\">\n<p>[vc_row ftt_type=\u00bbsub60&#8243; css=\u00bb.vc_custom_1634749723790{margin-top: 0px !important;}\u00bb][vc_column][\/vc_column][\/vc_row][vc_row float_to_top=\u00bb\u00bb row_custom_paralax=\u00bb\u00bb][vc_column width=\u00bb5\/12&#8243;][vc_column_text]<\/p>\n<h1><span style=\"color: #0067b2;\">\u00bfC\u00f3mo funciona?<\/span><\/h1>\n<p>[\/vc_column_text][vc_column_text]<span style=\"color: #999999;\">Reg\u00edstrate y autom\u00e1ticamente le creamos un FCI Box en Miami. Luego hace sus pedidos utilizando la direcci\u00f3n de env\u00edo que le damos y la carga llega a nuestra bodega en Zona Libre o a la puerta de su casa.<\/span><\/p>\n<p><span style=\"color: #999999;\">Cuando te registras, te llegar\u00e1n las tres direcciones a las que puedes consignar los paquetes dependiendo de si quieres recogerlos en nuestra bodega de ZL o que lo entreguemos en la puerta de tu casa, ya sea via mar\u00edtima (<i class=\"fa fa-ship fa-lg\" aria-hidden=\"true\"><\/i>) o a\u00e9rea (<i class=\"fa fa-plane fa-lg\" aria-hidden=\"true\"><\/i>) &#8212; opci\u00f3n m\u00e1s r\u00e1pida.<\/span>[\/vc_column_text][vc_empty_space][vc_column_text]<\/p>\n<h1><span style=\"color: #0067b2;\">\u00bfCu\u00e1nto cuesta?<\/span><\/h1>\n<p>[\/vc_column_text][vc_column_text]<span style=\"color: #999999;\">Calcula el costo aproximado de traer tus paquetes usando nuestra <a href=\"https:\/\/fcipty.com\/box#calculadora\"><i class=\"fa fa-calculator fa-lg\" aria-hidden=\"true\"><\/i> calculadora<\/a>.<\/span>[\/vc_column_text][vc_empty_space][vc_column_text]<\/p>\n<h1><span style=\"color: #0067b2;\">\u00bfTienes alguna duda adicional?<\/span><\/h1>\n<p>[\/vc_column_text][vc_column_text]<span style=\"color: #999999;\">Escr\u00edbenos v\u00eda <a id=\"olvidecont\" href=\"whatsapp:\/\/send?text=Hola FCIbox, tengo una pregunta!&amp;phone=+50764906783\" target=\"_blank\">Whatsapp al 6490-6783<\/a> y nuestros agentes de atenci\u00f3n al cliente te atender\u00e1n de manera personalizada.<\/span>[\/vc_column_text][vc_empty_space][\/vc_column][vc_column width=\u00bb7\/12&#8243; css=\u00bb.vc_custom_1634260921337{margin-top: 0px !important;}\u00bb][vc_raw_html]JTNDaWZyYW1lJTIwaWQlM0QlMjJpbmxpbmVGcmFtZUV4YW1wbGUlMjIlMEElMjAlMjAlMjAlMjB0aXRsZSUzRCUyMklubGluZSUyMEZyYW1lJTIwRXhhbXBsZSUyMiUwQSUyMCUyMCUyMCUyMHdpZHRoJTNEJTIyMTAwJTI1JTIyJTBBJTIwJTIwJTIwJTIwc2Nyb2xsaW5nJTNEJTIybm8lMjIlMEElMjAlMjAlMjAlMjBoZWlnaHQlM0QlMjIxMzAwcHglMjIlMEElMjAlMjAlMjAlMjBzcmMlM0QlMjJodHRwcyUzQSUyRiUyRmZjaXB0eS5jb20lMkZib3glMkZpbmRleGNvbnRyLnBocCUyMiUzRSUwQSUzQyUyRmlmcmFtZSUzRQ==[\/vc_raw_html][\/vc_column][\/vc_row][vc_row][vc_column width=\u00bb1\/2&#8243;][\/vc_column][vc_column width=\u00bb1\/2&#8243;][\/vc_column][\/vc_row][vc_row][vc_column][vc_raw_js]JTNDc2NyaXB0JTNFJTBBJTA5c2V0VGltZW91dCUyOCUyOCUyOSUyMCUzRCUzRSUyMCU3QiUwQSUwOSUwOXZhciUyMHBvcHVwJTIwJTNEJTIwZG9jdW1lbnQuZ2V0RWxlbWVudHNCeVRhZ05hbWUlMjglMjdodG1sJTI3JTI5JTVCMCU1RCUzQiUwQSUwOSUwOXBvcHVwLmNsYXNzTGlzdC5yZW1vdmUlMjglMjJ3bXBjaS1wb3B1cC1vcGVuJTIyJTI5JTNCJTBBJTA5JTA5aWYlMjAlMjh3aW5kb3cubG9jYXRpb24uc2VhcmNoJTIwJTNEJTNEJTIwJTIyJTIyJTI5JTIwJTdCJTBBJTA5JTA5JTdEJTIwZWxzZSUyMCU3QiUwQSUwOSUwOSUwOXZhciUyMGlmcmFtZSUyMCUzRCUyMGRvY3VtZW50LmdldEVsZW1lbnRCeUlkJTI4JTI3aW5saW5lRnJhbWVFeGFtcGxlJTI3JTI5JTNCJTBBJTA5JTA5JTA5aWZyYW1lLnNyYyUyMCUzRCUyMGlmcmFtZS5zcmMlMjAlMkIlMjB3aW5kb3cubG9jYXRpb24uc2VhcmNoLnRvVXBwZXJDYXNlJTI4JTI5JTNCJTBBJTA5JTA5JTA5aWZyYW1lLmxvY2F0aW9uLmhyZWYucmVsb2FkJTI4JTI5JTNCJTBBJTA5JTA5JTdEJTBBJTA5JTdEJTJDJTIwMjAwMCUyOSUzQiUwQSUzQyUyRnNjcmlwdCUzRQ==[\/vc_raw_js][\/vc_column][\/vc_row]<\/p>\n<\/div>\n","protected":false},"excerpt":{"rendered":"<p>[vc_row ftt_type=\u00bbsub60&#8243; css=\u00bb.vc_custom_1634749723790{margin-top: 0px !important;}\u00bb][vc_column][\/vc_column][\/vc_row][vc_row float_to_top=\u00bb\u00bb row_custom_paralax=\u00bb\u00bb][vc_column width=\u00bb5\/12&#8243;][vc_column_text] \u00bfC\u00f3mo funciona? [\/vc_column_text][vc_column_text]Reg\u00edstrate y autom\u00e1ticamente le creamos un FCI Box en Miami. Luego hace sus pedidos utilizando la direcci\u00f3n de env\u00edo que le damos<\/p>\n","protected":false},"author":1,"featured_media":0,"parent":0,"menu_order":0,"comment_status":"closed","ping_status":"closed","template":"","meta":{"footnotes":""},"_links":{"self":[{"href":"https:\/\/fcipty.com\/box\/wp-json\/wp\/v2\/pages\/3841"}],"collection":[{"href":"https:\/\/fcipty.com\/box\/wp-json\/wp\/v2\/pages"}],"about":[{"href":"https:\/\/fcipty.com\/box\/wp-json\/wp\/v2\/types\/page"}],"author":[{"embeddable":true,"href":"https:\/\/fcipty.com\/box\/wp-json\/wp\/v2\/users\/1"}],"replies":[{"embeddable":true,"href":"https:\/\/fcipty.com\/box\/wp-json\/wp\/v2\/comments?post=3841"}],"version-history":[{"count":5,"href":"https:\/\/fcipty.com\/box\/wp-json\/wp\/v2\/pages\/3841\/revisions"}],"predecessor-version":[{"id":3986,"href":"https:\/\/fcipty.com\/box\/wp-json\/wp\/v2\/pages\/3841\/revisions\/3986"}],"wp:attachment":[{"href":"https:\/\/fcipty.com\/box\/wp-json\/wp\/v2\/media?parent=3841"}],"curies":[{"name":"wp","href":"https:\/\/api.w.org\/{rel}","templated":true}]}}