{"id":2167,"date":"2018-06-07T23:54:40","date_gmt":"2018-06-07T23:54:40","guid":{"rendered":"https:\/\/fcipty.com\/box\/?page_id=2167"},"modified":"2021-10-15T01:03:30","modified_gmt":"2021-10-15T01:03:30","slug":"politicas-de-privacidad","status":"publish","type":"page","link":"https:\/\/fcipty.com\/box\/politicas-de-privacidad\/","title":{"rendered":"Pol\u00edticas de privacidad"},"content":{"rendered":"<div class=\"ef3-gtb-block wp-block-\">[vc_row][vc_column][vc_custom_heading source=\u00bbpost_title\u00bb font_container=\u00bbtag:h1|text_align:left|color:%2398c900&#8243; use_theme_fonts=\u00bbyes\u00bb css=\u00bb.vc_custom_1634259750910{margin-bottom: 100px !important;}\u00bb][\/vc_custom_heading][vc_column_text]<\/p>\n<div class=\"text\">Sabemos de la confianza que usted deposita en nosotros cuando ingresa a nuestro sitio web. Por esta raz\u00f3n, la pol\u00edtica de privacidad reguarda su informaci\u00f3n de la forma en que lo hacen los m\u00e1s prestigiosos sitios web. Le aseguramos que resguardaremos su informaci\u00f3n y que s\u00f3lo eventualmente la utilizaremos, cuando sea necesario, para completar transacciones con terceras partes, situaci\u00f3n que es plenamente conocida y aprobada por usted desde el momento que se registr\u00f3 voluntariamente como usuario del sitio web de Fashion Consul International. A mayor abundamiento, por el mero uso o acceso a los servicios de nuestro sitio web, usted acepta y aprueba los t\u00e9rminos de esta pol\u00edtica de privacidad. Si est\u00e1 en desacuerdo, por favor salga de esta p\u00e1gina y no acceda a nuestros servicios.<\/div>\n<p>&nbsp;<\/p>\n<h4 class=\"title\"><strong>Tipo de informaci\u00f3n recolectada y su uso<\/strong><\/h4>\n<div class=\"text\">A trav\u00e9s de nuestro sitio web recolectamos dos tipos de informaciones: Informaci\u00f3n Personal identificable e informaci\u00f3n Identificable No-Personal.<\/div>\n<p>&nbsp;<\/p>\n<ul>\n<li class=\"title\">\n<h5><strong>Informaci\u00f3n Personal identificable<\/strong><\/h5>\n<div>Es aquella que identifica a un usuario final. Generalmente se la solicitamos cuando usted se relaciona con ciertas actividades a trav\u00e9s de nuestro sitio web, como la creaci\u00f3n de una cuenta, ordenar un producto o servicio sea a nosotros o a nuestros socios, responder una encuesta, enviarnos su opini\u00f3n sobre nuestros servicios, etc. Usted decide voluntariamente si accede a estos servicios pero si lo hace, tendremos que pedirle cierta informaci\u00f3n personal para poder prestar nuestros servicios (informaci\u00f3n sobre sus nombres y apellidos, e-mail, tel\u00e9fono y fecha de nacimiento). Adem\u00e1s, cuando usted ordene alguno de nuestros productos o servicios, deber\u00e1 indicar su n\u00famero de tarjeta de cr\u00e9dito, fecha de expiraci\u00f3n y c\u00f3digo de autenticaci\u00f3n o datos relacionados con ello. Seg\u00fan el caso, ciertos antecedentes solicitados son requeridos de forma obligatoria y otros de forma voluntaria. En el caso de los primeros, si usted decide no entregarnos dicha informaci\u00f3n no podr\u00e1 suscribir los servicios o acceder a la informaci\u00f3n requerida. La informaci\u00f3n proporcionada es utilizada bajo los t\u00e9rminos que prescribe la ley, considerando que ella es entregada bajo su pleno consentimiento, a objeto de mejorar la calidad de nuestro servicios\/productos y marketing y evaluar el uso del sitio web. Eventualmente, utilizar\u00edamos su informaci\u00f3n personal para identificar problemas sist\u00e9micos, soluci\u00f3n de controversias, temas regulatorios, para contactarlo, para el cumplimiento de los t\u00e9rminos de uso del sitio web y la observancia de la ley y requerimientos judiciales.<\/div>\n<\/li>\n<\/ul>\n<p>&nbsp;<\/p>\n<ul>\n<li class=\"title\">\n<h5><strong>Informaci\u00f3n Identificable No personal<\/strong><\/h5>\n<div>Es aquella que no especifica un usuario final determinado. Este tipo de informaci\u00f3n puede incluir una \u201cURL\u201d del sitio web que visit\u00f3 antes de ingresar a nuestro sitio, las que visita despu\u00e9s de ingresar a nuestro sitio, el tipo de browser que utiliza o informaci\u00f3n sobre el Protocolo de Internet (IP). Esta informaci\u00f3n ser\u00e1 recolectada de manera autom\u00e1tica a trav\u00e9s de herramientas electr\u00f3nicas como cookies. Nosotros usamos esta informaci\u00f3n para solucionar problemas sist\u00e9micos, para administrar el sitio web, analizar tendencias y chequear informaci\u00f3n demogr\u00e1fica. Es posible que usemos esta informaci\u00f3n con nuestros proveedores de servicios y auspiciadores, para efectos de medir la efectividad de nuestra publicidad, contenido y programaci\u00f3n. Eventualmente podr\u00edamos entregar informaci\u00f3n suya a nuestros proveedores. Hay ocasiones en que nuestros proveedores nos solicitan informaci\u00f3n sobre los clientes que compraron sus servicios o productos, con el objeto de contactarlos directamente y poder ofrecerles condiciones especiales. En estos casos, la informaci\u00f3n que entregamos es personal identificable y s\u00f3lo la compartimos cuando usted contrat\u00f3 alg\u00fan servicio o producto a trav\u00e9s nuestro. En todo caso, siempre le informaremos a usted de esta situaci\u00f3n y le entregaremos la posibilidad de que se oponga a esta pr\u00e1ctica. No asumimos responsabilidad por los actos de estos proveedores, ya que ellos saben que s\u00f3lo pueden contactarlo a usted con una finalidad comercial y porque sus conductas no est\u00e1n bajo nuestra dependencia. Podr\u00edamos entregar informaci\u00f3n suya a nuestros proveedores autorizados. Debido a que prestamos servicios y productos por intermedio de terceras personas, estos proveedores realizan operaciones comerciales para entregar los productos y servicios, tales como env\u00edo de e-mails promocionales u ofertas. Eventualmente, podr\u00edamos compartir su informaci\u00f3n con estos proveedores para procesar \u00f3rdenes, entregas, analizar data, procesar pagos a trav\u00e9s de tarjetas de cr\u00e9ditos, servicio al cliente, etc. Podemos compartir su informaci\u00f3n personal, cuando ello sea necesario para cumplir con el ordenamiento jur\u00eddico, con \u00f3rdenes judiciales y proteger la pol\u00edtica de nuestra p\u00e1gina web.<\/div>\n<\/li>\n<\/ul>\n<p>&nbsp;<\/p>\n<h4 class=\"title\"><strong>Estamos comprometidos con la seguridad de su informaci\u00f3n<\/strong><\/h4>\n<div class=\"text\">Nuestra empresa ha dispuesto de la exigencia de un usuario (username) y clave para resguardar su informaci\u00f3n. En raz\u00f3n de lo anterior, usted se hace responsable de custodiar y de no compartir ni divulgar su nombre de usuario y clave. La empresa ha implementado sofisticados productos de firewall y de seguridad tecnol\u00f3gica pero no puede garantizar que no sucedan eventos o que la informaci\u00f3n almacenada en nuestros registros sean inquebrantables de forma ilegal por terceros.<\/div>\n<p>&nbsp;<\/p>\n<h4 class=\"title\"><strong>Seguimiento de la Informaci\u00f3n<\/strong><\/h4>\n<div class=\"text\">Utilizamos \u201ccookies\u201d con el objeto de ahorrarle tiempo en nuestro sitio web, de esta formas sabemos qui\u00e9n es usted y sus preferencias. Las cookies sirven adem\u00e1s para recopilar informaci\u00f3n personal no identificable como p\u00e1ginas que ha visitado y los links que ha activado mediante un clic. El uso de cookies nos permite crear un ambiente web m\u00e1s amigable y f\u00e1cil de usar. Con todo siempre est\u00e1 la posibilidad de que usted rechace el uso de cookies pese a que nuestro sitio podr\u00eda no desplegar toda la informaci\u00f3n \u00edntegra en este caso.<\/div>\n<p>&nbsp;<\/p>\n<h4 class=\"title\"><strong>Transferencia en circunstancias especiales<\/strong><\/h4>\n<div class=\"text\">Si existe una venta, consolidaci\u00f3n, transferencia de activos sustancial, cambio en el control societario, una fusi\u00f3n, reorganizaci\u00f3n o liquidaci\u00f3n de Fashion Consul International entonces, en nuestra discreci\u00f3n, podemos vender, transferir o asignar la informaci\u00f3n recabada en este Sitio a una o m\u00e1s partes relevantes.<\/div>\n<p>&nbsp;<\/p>\n<h4 class=\"title\"><strong>Informaci\u00f3n P\u00fablica<\/strong><\/h4>\n<div class=\"text\">Podemos compartir informaci\u00f3n que usted decidi\u00f3 hacer p\u00fablica a trav\u00e9s de nuestro sitio web, al momento de contactarse con otros usuarios o al revisar productos, restaurantes o al incorporar contenido. Esta informaci\u00f3n podr\u00eda ser accesible por otros clientes o empresas, aparecer en otros sitios web y por ende ser utilizadas por terceros. Nosotros no controlamos qui\u00e9nes leen la informaci\u00f3n que usted ha subido a nuestra p\u00e1gina web o qu\u00e9 puede suceder con estos datos que usted voluntariamente comparti\u00f3. Le recomendamos que sea cauteloso y adopte las precauciones del caso, antes de compartir datos.<\/div>\n<p>&nbsp;<\/p>\n<h4 class=\"title\"><strong>Rechazo de e-mails<\/strong><\/h4>\n<div class=\"text\">Usted podr\u00e1 siempre solicitar que lo removamos de nuestra lista de contactos v\u00eda e-mail, salvo respecto de aquellos correos electr\u00f3nicos que sean necesario para completar una transacci\u00f3n. Nuestros correos tendr\u00e1n un link al final para ser removidos.<\/div>\n<p>&nbsp;<\/p>\n<h4 class=\"title\"><strong>Control parental<\/strong><\/h4>\n<div class=\"text\">Los servicios s\u00f3lo est\u00e1n disponibles para personas que tengan capacidad legal para contratar. No podr\u00e1n adquirir las Ofertas las personas que no tengan esa capacidad y los menores de edad. Los actos que \u00e9stos realicen en el Sitio ser\u00e1n responsabilidad de sus padres, encargados, tutores o curadores. Por tanto se considerar\u00e1n realizados por \u00e9stos en ejercicio de la representaci\u00f3n legal con la que cuentan.<\/div>\n<p>&nbsp;<\/p>\n<h4 class=\"title\"><strong>Cambios a la Pol\u00edtica de Seguridad y Privacidad<\/strong><\/h4>\n<div class=\"text\">La compa\u00f1\u00eda se reserva el derecho a cambiar esta pol\u00edtica. En el evento de reformas a la pol\u00edtica, por el solo hecho de usar nuestra web, usted acepta los cambios y declara conocerlos ya que la compa\u00f1\u00eda ha procedido a publicarlos en nuestro sitio web. Si tiene consultas al respecto puede escribirnos al e-mail box@fcipty.com o a esta direcci\u00f3n: Piso 30 Edf Ocean\u00eda, Punta Pac\u00edfica, Panama City, Panama<\/div>\n<p>&nbsp;<\/p>\n<h4 class=\"title\"><strong>Interpretaci\u00f3n y jurisdicci\u00f3n<\/strong><\/h4>\n<div class=\"text\">Los presentes \u00abT\u00e9rminos y condiciones\u00bb ser\u00e1n interpretados y ejecutados de acuerdo a las leyes del lugar donde se realiz\u00f3 la orden o pedido. Los usuarios se someten a la jurisdicci\u00f3n de los tribunales del lugar donde se realiz\u00f3 la orden o pedido para efectos de la resoluci\u00f3n de cualquier duda, dificultad o controversia relacionada con todo o parte de los \u201cT\u00e9rminos y Condiciones.\u201d<\/div>\n<p>&nbsp;<\/p>\n<h4 class=\"title\"><strong>Preguntas y sugerencias<\/strong><\/h4>\n<div class=\"text\">Si tiene alguna pregunta o sugerencia respecto de los \u201cT\u00e9rminos y Condiciones\u201d o \u201cPol\u00edtica de Privacidad\u201d p\u00f3ngase en contacto con Fashion Consul International a trav\u00e9s del e-mail de contacto que se encuentra en la p\u00e1gina de contacto.<\/div>\n<p>[\/vc_column_text][\/vc_column][\/vc_row][vc_row][vc_column][vc_raw_js]JTNDc2NyaXB0JTNFJTBBc2V0VGltZW91dCUyOCUyOCUyOSUyMCUzRCUzRSUyMCU3QiUwQXZhciUyMHBvcHVwJTIwJTNEJTIwZG9jdW1lbnQuZ2V0RWxlbWVudHNCeVRhZ05hbWUlMjglMjdodG1sJTI3JTI5JTVCMCU1RCUzQiUwQXBvcHVwLmNsYXNzTGlzdC5yZW1vdmUlMjglMjJ3bXBjaS1wb3B1cC1vcGVuJTIyJTI5JTNCJTBBJTdEJTJDJTIwNDAwJTI5JTNCJTBBJTNDJTJGc2NyaXB0JTNF[\/vc_raw_js][\/vc_column][\/vc_row]<\/p><\/div>\n","protected":false},"excerpt":{"rendered":"<p>[vc_row][vc_column][vc_custom_heading source=\u00bbpost_title\u00bb font_container=\u00bbtag:h1|text_align:left|color:%2398c900&#8243; use_theme_fonts=\u00bbyes\u00bb css=\u00bb.vc_custom_1634259750910{margin-bottom: 100px !important;}\u00bb][\/vc_custom_heading][vc_column_text] Sabemos de la confianza que usted deposita en nosotros cuando ingresa a nuestro sitio web. Por esta raz\u00f3n, la pol\u00edtica de privacidad reguarda su informaci\u00f3n<\/p>\n","protected":false},"author":1,"featured_media":0,"parent":0,"menu_order":0,"comment_status":"closed","ping_status":"closed","template":"","meta":{"footnotes":""},"_links":{"self":[{"href":"https:\/\/fcipty.com\/box\/wp-json\/wp\/v2\/pages\/2167"}],"collection":[{"href":"https:\/\/fcipty.com\/box\/wp-json\/wp\/v2\/pages"}],"about":[{"href":"https:\/\/fcipty.com\/box\/wp-json\/wp\/v2\/types\/page"}],"author":[{"embeddable":true,"href":"https:\/\/fcipty.com\/box\/wp-json\/wp\/v2\/users\/1"}],"replies":[{"embeddable":true,"href":"https:\/\/fcipty.com\/box\/wp-json\/wp\/v2\/comments?post=2167"}],"version-history":[{"count":2,"href":"https:\/\/fcipty.com\/box\/wp-json\/wp\/v2\/pages\/2167\/revisions"}],"predecessor-version":[{"id":3804,"href":"https:\/\/fcipty.com\/box\/wp-json\/wp\/v2\/pages\/2167\/revisions\/3804"}],"wp:attachment":[{"href":"https:\/\/fcipty.com\/box\/wp-json\/wp\/v2\/media?parent=2167"}],"curies":[{"name":"wp","href":"https:\/\/api.w.org\/{rel}","templated":true}]}}