{"id":2157,"date":"2018-06-07T23:20:21","date_gmt":"2018-06-07T23:20:21","guid":{"rendered":"https:\/\/fcipty.com\/box\/?page_id=2157"},"modified":"2023-02-14T21:58:05","modified_gmt":"2023-02-14T21:58:05","slug":"terminos-y-condiciones","status":"publish","type":"page","link":"https:\/\/fcipty.com\/box\/terminos-y-condiciones\/","title":{"rendered":"T\u00e9rminos y condiciones"},"content":{"rendered":"<div class=\"ef3-gtb-block wp-block-\">[vc_row][vc_column][vc_custom_heading source=\u00bbpost_title\u00bb font_container=\u00bbtag:h1|font_size:40|text_align:left|color:%2398c900&#8243; use_theme_fonts=\u00bbyes\u00bb css=\u00bb.vc_custom_1620848219782{margin-bottom: 100px !important;}\u00bb][\/vc_custom_heading][vc_column_text]<\/p>\n<div class=\"title\">\n<h4>Rechazo de e-mails<\/h4>\n<\/div>\n<div class=\"text\">\n<p>Usted podr\u00e1 siempre solicitar que lo removamos de nuestra lista de contactos v\u00eda e-mail, salvo respecto de aquellos correos electr\u00f3nicos que sean necesario para completar una transacci\u00f3n. Nuestros correos tendr\u00e1n un link al final para ser removidos.<\/p>\n<\/div>\n<div class=\"title\">\n<h4>Rechazo de notificaciones por Whatsapp<\/h4>\n<\/div>\n<div class=\"text\">\n<p>Al ingresar su n\u00famero de contacto, usted acepta recibir notificaciones via mensaje de texto y Whatsapp sobre el estado de sus paquetes y otros mensajes promocionales. Si desea ser removido de la lista de contactos, lo podr\u00e1 pedir contactando a box@fcipty.com.<\/p>\n<\/div>\n<div class=\"title\">\n<h4>Control parental<\/h4>\n<\/div>\n<div class=\"text\">\n<p>Los servicios s\u00f3lo est\u00e1n disponibles para personas que tengan capacidad legal para contratar. No podr\u00e1n adquirir las Ofertas las personas que no tengan esa capacidad y los menores de edad. Los actos que \u00e9stos realicen en el Sitio ser\u00e1n responsabilidad de sus padres, encargados, tutores o curadores. Por tanto se considerar\u00e1n realizados por \u00e9stos en ejercicio de la representaci\u00f3n legal con la que cuentan.<\/p>\n<\/div>\n<div class=\"title\">\n<h4>Cambios a la Pol\u00edtica de Seguridad y Privacidad<\/h4>\n<\/div>\n<div class=\"text\">\n<p>La compa\u00f1\u00eda se reserva el derecho a cambiar esta pol\u00edtica. En el evento de reformas a la pol\u00edtica, por el solo hecho de usar nuestra web, usted acepta los cambios y declara conocerlos ya que la compa\u00f1\u00eda ha procedido a publicarlos en nuestro sitio web.<br \/>\nSi tiene consultas al respecto puede escribirnos al e-mail box@fcipty.com o a esta direcci\u00f3n:<br \/>\nPiso 30 Edf Ocean\u00eda, Punta Pac\u00edfica, Panama City, Panama<\/p>\n<\/div>\n<div class=\"title\">\n<h4>Interpretaci\u00f3n y jurisdicci\u00f3n<\/h4>\n<\/div>\n<div class=\"text\">\n<p>Los presentes \u00abT\u00e9rminos y condiciones\u00bb ser\u00e1n interpretados y ejecutados de acuerdo a las leyes del lugar donde se realiz\u00f3 la orden o pedido.<br \/>\nLos usuarios se someten a la jurisdicci\u00f3n de los tribunales del lugar donde se realiz\u00f3 la orden o pedido para efectos de la resoluci\u00f3n de cualquier duda, dificultad o controversia relacionada con todo o parte de los \u201cT\u00e9rminos y Condiciones.\u201d<\/p>\n<\/div>\n<div class=\"title\">\n<h4>Preguntas y sugerencias<\/h4>\n<\/div>\n<div class=\"text\">\n<p>Si tiene alguna pregunta o sugerencia respecto de los \u201cT\u00e9rminos y Condiciones\u201d o \u201cPol\u00edtica de Privacidad\u201d p\u00f3ngase en contacto con Fashion Consul International a trav\u00e9s del e-mail de contacto que se encuentra en la p\u00e1gina de contacto.<\/p>\n<\/div>\n<div class=\"title\">\n<h4>Pol\u00edticas de devoluci\u00f3n y cancelaci\u00f3n, y entrega<\/h4>\n<\/div>\n<div class=\"text\">\n<p>Al consignar un pedido a la direcci\u00f3n de consignaci\u00f3n que le hemos entregado como suya, se compromete a pagar por el <a href=\"https:\/\/fcipty.com\/box\">costo publicado<\/a> del flete de su producto desde Miami u otro origen a Zona Libre o Panam\u00e1. Esto incluye cualquier costo aduanala que tenga que cobrar Fashion Consul International por nacionalizar la carga que usted consign\u00f3. No aceptamos devoluciones por carga que fue ya fue enviada desde Miami a Zona Libre o Panam\u00e1 y que incurri\u00f3 en costos para FCI. En caso de que FCI haga un cargo que no corresponde al volumen de su carga seg\u00fan el <a href=\"https:\/\/fcipty.com\/box\">tarifario publicado<\/a>, FCI reembolsar\u00e1 la diferencia al cliente.<\/p>\n<\/div>\n<div class=\"title\">\n<h4>Moneda procesada para cobros por tarjeta de cr\u00e9dito<\/h4>\n<\/div>\n<div class=\"text\">\n<p>FCI har\u00e1 los cargos por tarjeta de cr\u00e9dito usando moneda USD.<\/p>\n<\/div>\n<div class=\"title\">\n<h4>SERVICIOS FCI BOX:<\/h4>\n<\/div>\n<div class=\"text\">\n<p>Toda mercanc\u00eda de carga a\u00e9rea FCI Box A con valor superior a $100.00 est\u00e1 sujeto a cargos de Impuestos de Introducci\u00f3n. Los paquetes que vienen v\u00eda a\u00e9rea se facturan en base a su peso-volumen. El volumen se transforma en su peso equivalente y se factura el mayor entre el peso equivalente y el peso real.<\/p>\n<p>Le recordamos que si el total de sus facturas del mismo embarque de FCI Box (entregado en Panam\u00e1) excede $100.00, esto genera un cargo de nacionalizaci\u00f3n por excedente. El cargo por excedente no aplica por referencia ni por factura, sino por el total de todas las facturas del embarque.<\/p>\n<p>Considerar que aplica 22% como cargo por excedente a raz\u00f3n de Impuesto Arancelario e ITBM.<\/p>\n<p>Considerar que aplica una multa de $20 si el cliente no declara paquetes que tienen valor mayor a $100 y es retenido en Aduana para tr\u00e1mite de nacionalizaci\u00f3n de mercanc\u00eda.<\/p>\n<p>Toda mercanc\u00eda que requiera tramite con AUPSA \u2013 Autoridad Paname\u00f1a de Seguridad de Alimentos: Comestibles (alimentos y bebidas), suplementos (alimenticios, diet\u00e9ticos, vitam\u00ednicos), vitaminas y otros hasta m\u00e1ximo 3 kilos por cliente solo 3 veces por a\u00f1o. La emisi\u00f3n del permiso es de 24 a 48 horas. Debe estar anuente que se le adicionar\u00e1 a su factura el importe de $2.00 por art\u00edculo.<\/p>\n<p>Toda mercanc\u00eda de Box A\u00e9reo que requiera tr\u00e1mite con MINSA \u2013 Ministerio de Salud como cosm\u00e9ticos, lociones o medicamentos solo se permite la importaci\u00f3n a t\u00edtulo personal hasta m\u00e1ximo 3 productos por v\u00eda a\u00e9rea y la emisi\u00f3n del permiso puede durar hasta 2 semanas, el costo por tr\u00e1mite es de $15.00.<\/p>\n<p>El no consignar los paquetes con el n\u00famero de FCI Box que le asignamos, puede traer retrasos en la identificaci\u00f3n, env\u00edo y entrega de sus paquetes.<\/p>\n<p>Los paquetes no ser\u00e1n entregados sin pago previo. Para recibir sus paquetes m\u00e1s r\u00e1pido sugerimos asociar su tarjeta de cr\u00e9dito a la cuenta al momento de registro o en el portal.<\/p>\n<p>Mercanc\u00eda de Box A\u00e9reo como Medicamentos solo se est\u00e1 tramitando la entrada con receta m\u00e9dica.<\/p>\n<p>Almacenaje:<br \/>\n\u2022 El pago de la factura debe hacerse al retirar la carga de nuestra bodega.<\/p>\n<p>\u2022 Despu\u00e9s del 7mo. d\u00eda estando su carga en bodega, el cargo de almacenaje ser\u00e1 de $0.03\/cft\/d\u00eda con cargo m\u00ednimo de $10.00 por embarque.<\/p>\n<p>\u2022 De presentar anomal\u00edas, debe notificar el reclamo (reclamos@fcipty.com) dentro del primer (1) d\u00eda posterior al retiro o entrega de sus paquetes.<\/p>\n<p>\u2022 Si los paquetes sobrepasan $2,500 en valor por arancel, se cobra un cargo de documentaci\u00f3n especial (SED) de $25.<\/p>\n<p>Seguro de mercanc\u00eda:<br \/>\nSus paquetes est\u00e1n asegurados (salvo excepciones: joyas, oro, piedras preciosas, obras de arte) para p\u00e9rdidas, robos, o da\u00f1os (por mal manejo y no por causa de mal embalaje por el proveedor) hasta un valor de $1,000.<\/p>\n<p>Si el paquete vale m\u00e1s de $1,000, puede optar por asegurar su paquete (escribiendo a box@fcipty.com antes de su llegada a Miami) y tendr\u00e1 un costo de 3% del valor asegurado, presentando factura. Valores hasta $500 tienen deducible de $30. Valores de $500-$1,000, deducible de $50. Valores entre $1,000-$2,000, deducible de $100. Valores entre $2,000-$5,000, deducible de $200.<\/p>\n<p>FCI Box no se hace responsable (el seguro no cubre) por paquetes que llegan a nuestras bodegas en Miami mal embalados por el proveedor, rotos o en mal estado. Si la mercanc\u00eda llega a Panam\u00e1 o se entrega rota o da\u00f1ada a causa de mal embalaje por el proveedor, debe comunicarse con su proveedor para el reclamo. De presentar anomal\u00edas, debe notificar el reclamo (reclamos@fcipty.com) dentro del primer (1) d\u00eda posterior al retiro o entrega de sus paquetes.<\/p>\n<p>Entrega de mercanc\u00eda:<br \/>\nLa entrega de mercanc\u00eda est\u00e1 incluida en el precio dentro del area metropolitana. Si usted no vive dentro del area metropolitana, puede coordinar con un agente de servicio (box@fcipty.com) para recoger la mercanc\u00eda en nuestro centro de distribuci\u00f3n en la Ciudad de Panam\u00e1 o Col\u00f3n, o para buscar otro m\u00e9todo de env\u00edo. Si usted es cliente que vive en el interior, haremos entrega a la sucursal de Uno Express en Via Brasil y recibir\u00e1 su confirmaci\u00f3n de entrega cuando entreguemos los paquetes en la misma sucursal. Facturaremos el env\u00edo desde Via Brasil a su ciudad destino en el interior, por $1.75\/lb, m\u00ednimo $10. El costo de entrega en el interior se facturar\u00e1 por cada salida de paquetes de Miami (nota: hay 5 salidas semanales). Las rutas de entrega se consideran interior a partir de Arraij\u00e1n hacia adelante.<\/p>\n<p>&nbsp;<\/p>\n<p>Suscripciones:<br \/>\nEl cliente puede escoger una de varias suscripciones mensuales al servicio de FCI Box. Al adquirir una suscripci\u00f3n, recibe una tarifa descontada del flete de libra para embarques a\u00e9reos y una cantidad de libras mensuales para utilizar en el servicio a\u00e9reo, solamente dentro de cada ciclo mensual. Las libras que no son utlizadas dentro del mes no se acumulan para meses posteriores. Se le da al un beneficio temporal de 15 d\u00edas del ciclo mensual siguiente para poder usar libras que no us\u00f3 en el mes que pas\u00f3. Si el cliente utiliza m\u00e1s del monto de libras mensuales adquirido, las libras adicionales se cobran en base a su tarifa efectiva (descontada) por ser cliente de suscripci\u00f3n. El costo de la suscripci\u00f3n se cobra al principio de cada ciclo mensual. Al cancelar la suscripci\u00f3n, el ciclo mensual contin\u00faa (no se reembolza la suscripci\u00f3n del mes activo) y el pr\u00f3ximo mes no se le cobrar\u00e1 la suscripci\u00f3n. Al cancelar la suscripci\u00f3n, todas las libras acumuladas sin usar, se pierden. Las libras volum\u00e9tricas se facturar\u00e1n para clientes de suscripci\u00f3n, si el peso volum\u00e9trico del embarque sobrepasa m\u00e1s de dos veces el peso f\u00edsico. Cada libra volum\u00e9trica excedente restar\u00e1 media libra de su plan de libras mensuales.<\/p>\n<p>&nbsp;<\/p>\n<p>Tarjeta prepago virtual FCI Box:<\/p>\n<p>Para los t\u00e9rminos y condiciones de la tarjeta prepago virtual FCI Box, por favor referirse a https:\/\/fcipty.com\/tandc_tv.php.<\/p>\n<p>&nbsp;<\/p>\n<p>Cambios de V\u00eda:<br \/>\nLos cambios de consignaci\u00f3n de via (aire a mar y viceversa) ser\u00e1n facturados a $2\/cambio.<\/p>\n<\/div>\n<div class=\"title\">\n<h4>Mercanc\u00edas Prohibidas:<\/h4>\n<\/div>\n<div class=\"text\">\n<p>Todas aquellas que por mandato legal se encuentran prohibidas de ingresar al territorio nacional.<\/p>\n<\/div>\n<div class=\"text\">\n<p>\u2022 Municiones<br \/>\n\u2022 Armas y Partes<br \/>\n\u2022 F\u00f3sforos<br \/>\n\u2022 Fulminantes<br \/>\n\u2022 Encendedores<br \/>\n\u2022 Venenos<br \/>\n\u2022 Fuegos Artificiales<br \/>\n\u2022 Explosivos<br \/>\n\u2022 P\u00f3lvora<br \/>\n\u2022 Medicinas Controladas<br \/>\n\u2022 Drogas y estupefacientes<br \/>\n\u2022 Cannabis y sus derivados<br \/>\n\u2022 Cigarrillos Electr\u00f3nicos, partes y similares<br \/>\n\u2022 Acetonas<br \/>\n\u2022 Dinero<br \/>\n\u2022 Mira Telesc\u00f3pica Infrarrojo<br \/>\n\u2022 Suplementos Diet\u00e9ticos que contengan Dimethylamylamine (DMAA)<br \/>\n\u2022 Mercanc\u00eda falsificada o replicas<br \/>\n\u2022 otros.<\/p>\n<\/div>\n<div class=\"title\">\n<h4>Mercanc\u00edas Restringidas:<\/h4>\n<\/div>\n<div class=\"text\">\n<p>Son aquellas que por mandato legal requieren la autorizaci\u00f3n de una o m\u00e1s entidades competentes para ser sometidas a un determinado r\u00e9gimen aduanero.<\/p>\n<\/div>\n<div class=\"text\">\n<p>\u2022 Gas Pimienta<br \/>\n\u2022 Semillas<br \/>\n\u2022 Productos clasificados como material peligroso<br \/>\n\u2022 Plaguicidas<br \/>\n\u2022 Pesticidas<br \/>\n\u2022 Agroqu\u00edmicos<br \/>\n\u2022 Fertilizantes<br \/>\n\u2022 Suplementos, Medicinas y Vitaminas para animales<br \/>\n\u2022 Medicinas para animales<br \/>\n\u2022 Productos perecederos<br \/>\n\u2022 Cad\u00e1veres<br \/>\n\u2022 Animales vivos<br \/>\n\u2022 otros.<\/p>\n<\/div>\n<div class=\"title\">\n<h4>Mercanc\u00edas con permisos de Farmacias y Drogas:<\/h4>\n<\/div>\n<div class=\"text\">\n<p>Los tr\u00e1mites de Farmacias y Drogas es necesario para la importaci\u00f3n de productos catalogados como medicamentos y productos que tenga contacto con el cuerpo.<\/p>\n<\/div>\n<div class=\"title\">\n<h4>Productos M\u00e1s Frecuentes:<\/h4>\n<\/div>\n<div class=\"text\">\n<p>\u2022 Cosm\u00e9ticos<br \/>\n\u2022 Cremas de cuerpo<br \/>\n\u2022 Perfumes<br \/>\n\u2022 Shampoo<br \/>\n\u2022 Lociones<br \/>\n\u2022 otros<\/p>\n<\/div>\n<div class=\"title\">\n<h4>Mercanc\u00edas con permisos de Farmacias y Drogas:<\/h4>\n<\/div>\n<div class=\"text\">\n<p>Los tr\u00e1mites de Farmacias y Drogas es necesario para la importaci\u00f3n de productos catalogados como medicamentos y productos que tenga contacto con el cuerpo.<\/p>\n<\/div>\n<div class=\"title\">\n<h4>Requisitos para realizar el tr\u00e1mite de Farmacia y Drogas:<\/h4>\n<\/div>\n<div class=\"text\">\n<p>\u2022 Factura Comercial<br \/>\n\u2022 Receta M\u00e9dica (En el caso de medicamentos)<br \/>\n\u2022 Copia de c\u00e9dula o pasaporte<\/p>\n<\/div>\n<div class=\"title\">\n<h4>Documentaci\u00f3n para Medicamentos:<\/h4>\n<\/div>\n<div class=\"text\">\n<p>\u2022 Nombre Comercial del Producto<br \/>\n\u2022 Formato de Presentaci\u00f3n (c\u00e1psulas; l\u00edquido, comprimidos, etc.)<br \/>\n\u2022 Formato de RX (mg, ml, gramos, onzas)<br \/>\n\u2022 Cantidades<\/p>\n<\/div>\n<div class=\"title\">\n<h4>Documentaci\u00f3n para Productos de Usos T\u00f3picos:<\/h4>\n<\/div>\n<div class=\"text\">\n<p>\u2022 Nombre Comercial del Producto<br \/>\n\u2022 Formato de Presentaci\u00f3n (c\u00e1psulas; l\u00edquido, comprimidos, etc.)<\/p>\n<\/div>\n<div class=\"title\">\n<h4>Tiempo de tr\u00e1mites en caso de medicamentos:<\/h4>\n<\/div>\n<div class=\"text\">\n<p>Entre 15 a 25 d\u00edas h\u00e1biles.<\/p>\n<\/div>\n<div class=\"title\">\n<h4>Mercanc\u00eda de Consumo Personal Mediante Servicio de Paqueter\u00eda:<\/h4>\n<\/div>\n<div class=\"text\">\n<p>Tr\u00e1mite de AUPSA para el ingreso de productos alimenticios, vitam\u00ednicos o suplementos:<\/p>\n<\/div>\n<div class=\"text\">\n<p>\u2022 Realizar la solicitud en l\u00ednea en Importaci\u00f3n de Alimentos en Calidad de Consumo Personal<br \/>\n\u2022 Presentar una muestra para evaluaci\u00f3n<br \/>\n\u2022 En caso de ser suplementos vitam\u00ednicos debe presentar ficha t\u00e9cnica y la imagen del producto<br \/>\n\u2022 Se puede ingresar 3KG por persona \/ 6KG por grupo familiar<br \/>\n\u2022 Hasta 3 notificaciones en 1 a\u00f1o<\/p>\n<\/div>\n<div class=\"title\">\n<h4>DELIVERY SALE 2023<\/h4>\n<\/div>\n<div class=\"title\">\n<h4>JERSEYS NFL:<\/h4>\n<\/div>\n<div class=\"text\">Promoci\u00f3n v\u00e1lida para productos recibidos en nuestro centro de distribuci\u00f3n en Miami hasta el d\u00eda 15 DE MARZO 2023<\/p>\n<p>El articulo en promoci\u00f3n es cualquier Jersey de alguno de los 32 equipos de la NFL.<\/p>\n<p>El art\u00edculo debe ser enviado a Panam\u00e1 a trav\u00e9s del servicio a\u00e9reo de FCI Box<\/p>\n<p>El usuario debe notificar v\u00eda WhatsApp al n\u00famero 507 6490-6783 o v\u00eda correo electr\u00f3nico al email box@fcipty.com, la compra del producto enviando la factura\/recibo del mismo.<\/p>\n<p>La compra del producto debe ser realizada \u00fanica y exclusivamente en nflshop.com.<\/p>\n<p>En caso de que el producto sea empaquetado por el  proveedor junto a otros art\u00edculos en la misma caja, se aplicar\u00e1 el descuento en base al peso m\u00e1ximo en promoci\u00f3n (dos (2) libras).<\/p>\n<p>El beneficio aplica para un m\u00e1ximo de una (1) jersey por usuario durante el lapso de duraci\u00f3n de la promoci\u00f3n.<\/p>\n<p>La promoci\u00f3n no aplica para clientes que tienen tarifas especiales, planes de suscripci\u00f3n mensual e influencers.<\/p>\n<p>Si el paquete llega a nuestra direcci\u00f3n en Miami en un periodo menor a 48 horas despu\u00e9s de haber notificado la compra del producto, es posible que el descuento de la promoci\u00f3n se aplique en el siguiente embarque que realices.<\/p>\n<p>Se aplicar\u00e1n impuestos y cargos aduanales a art\u00edculos cuyo coste\/valor sea superior a $100.00<\/p>\n<p>Ver t\u00e9rminos y condiciones de FCI Box<\/p>\n<\/div>\n<div class=\"title\">\n<h4>FLOTADORES JASONWELL:<\/h4>\n<\/div>\n<div class=\"text\">Promoci\u00f3n v\u00e1lida para productos recibidos en nuestro centro de distribuci\u00f3n en Miami hasta el d\u00eda 15 DE MARZO 2023<\/p>\n<p>El articulo en promoci\u00f3n es el cualquier flotador de la marca Jasonwell<\/p>\n<p>El art\u00edculo debe ser enviado a Panam\u00e1 a trav\u00e9s del servicio a\u00e9reo de FCI Box<\/p>\n<p>El usuario debe notificar v\u00eda WhatsApp al n\u00famero 507 6490-6783 o v\u00eda correo electr\u00f3nico al email box@fcipty.com, la compra del producto enviando la factura\/recibo del mismo.<\/p>\n<p>La compra del producto debe ser realizada \u00fanica y exclusivamente en Amazon.com.<\/p>\n<p>En caso de que el producto sea empaquetado por el  proveedor junto a otros art\u00edculos en la misma caja, se aplicar\u00e1 el descuento en base al peso m\u00e1ximo en promoci\u00f3n (cinco (5) libras).<\/p>\n<p>El beneficio aplica para un m\u00e1ximo de un (1) flotador Jasonwell por usuario durante el lapso de duraci\u00f3n de la promoci\u00f3n.<\/p>\n<p>La promoci\u00f3n no aplica para clientes que tienen tarifas especiales, planes de suscripci\u00f3n mensual e influencers.<\/p>\n<p>Si el paquete llega a nuestra direcci\u00f3n en Miami en un periodo menor a 48 horas despu\u00e9s de haber notificado la compra del producto, es posible que el descuento de la promoci\u00f3n se aplique en el siguiente embarque que realices.<\/p>\n<p>Se aplicar\u00e1n impuestos y cargos aduanales a art\u00edculos cuyo coste\/valor sea superior a $100.00<\/p>\n<p>Ver t\u00e9rminos y condiciones de FCI Box<\/p>\n<\/div>\n<div class=\"title\">\n<h4>MOCHILAS MIBASIES:<\/h4>\n<\/div>\n<div class=\"text\">Promoci\u00f3n v\u00e1lida para productos recibidos en nuestro centro de distribuci\u00f3n en Miami hasta el d\u00eda 15 DE MARZO 2023<\/p>\n<p>El articulo en promoci\u00f3n es el cualquier mochila otador de la marca Mibasies<\/p>\n<p>El art\u00edculo debe ser enviado a Panam\u00e1 a trav\u00e9s del servicio a\u00e9reo de FCI Box<\/p>\n<p>El usuario debe notificar v\u00eda WhatsApp al n\u00famero 507 6490-6783 o v\u00eda correo electr\u00f3nico al email box@fcipty.com, la compra del producto enviando la factura\/recibo del mismo.<\/p>\n<p>La compra del producto debe ser realizada \u00fanica y exclusivamente en Amazon.com.<\/p>\n<p>En caso de que el producto sea empaquetado por el  proveedor junto a otros art\u00edculos en la misma caja, se aplicar\u00e1 el descuento en base al peso m\u00e1ximo en promoci\u00f3n (cinco (5) libras).<\/p>\n<p>El beneficio aplica para un m\u00e1ximo de una (1) mochila Mibasiesl por usuario durante el lapso de duraci\u00f3n de la promoci\u00f3n.<\/p>\n<p>La promoci\u00f3n no aplica para clientes que tienen tarifas especiales, planes de suscripci\u00f3n mensual e influencers.<\/p>\n<p>Si el paquete llega a nuestra direcci\u00f3n en Miami en un periodo menor a 48 horas despu\u00e9s de haber notificado la compra del producto, es posible que el descuento de la promoci\u00f3n se aplique en el siguiente embarque que realices.<\/p>\n<p>Se aplicar\u00e1n impuestos y cargos aduanales a art\u00edculos cuyo coste\/valor sea superior a $100.00<\/p>\n<p>Ver t\u00e9rminos y condiciones de FCI Box<\/p>\n<\/div>\n<div class=\"title\">\n<h4>CALCULADORAS CIENT\u00cdFICAS:<\/h4>\n<\/div>\n<div class=\"text\">Promoci\u00f3n v\u00e1lida para productos recibidos en nuestro centro de distribuci\u00f3n en Miami hasta el d\u00eda 15 DE MARZO 2023<\/p>\n<p>El articulo en promoci\u00f3n es el cualquier Calculadora Cient\u00edfica marca Casio o gen\u00e9rica.<\/p>\n<p>El art\u00edculo debe ser enviado a Panam\u00e1 a trav\u00e9s del servicio a\u00e9reo de FCI Box<\/p>\n<p>El usuario debe notificar v\u00eda WhatsApp al n\u00famero 507 6490-6783 o v\u00eda correo electr\u00f3nico al email box@fcipty.com, la compra del producto enviando la factura\/recibo del mismo.<\/p>\n<p>La compra del producto debe ser realizada \u00fanica y exclusivamente en Amazon.com.<\/p>\n<p>En caso de que el producto sea empaquetado por el  proveedor junto a otros art\u00edculos en la misma caja, se aplicar\u00e1 el descuento en base al peso m\u00e1ximo en promoci\u00f3n (dos (2) libras).<\/p>\n<p>El beneficio aplica para un m\u00e1ximo de una (1) Calculadora Cient\u00edfica marca Casio o gen\u00e9rica por usuario durante el lapso de duraci\u00f3n de la promoci\u00f3n.<\/p>\n<p>La promoci\u00f3n no aplica para clientes que tienen tarifas especiales, planes de suscripci\u00f3n mensual e influencers.<\/p>\n<p>Si el paquete llega a nuestra direcci\u00f3n en Miami en un periodo menor a 48 horas despu\u00e9s de haber notificado la compra del producto, es posible que el descuento de la promoci\u00f3n se aplique en el siguiente embarque que realices.<\/p>\n<p>Se aplicar\u00e1n impuestos y cargos aduanales a art\u00edculos cuyo coste\/valor sea superior a $100.00<\/p>\n<p>Ver t\u00e9rminos y condiciones de FCI Box<\/p>\n<\/div>\n<p>[\/vc_column_text][\/vc_column][\/vc_row][vc_row][vc_column][vc_raw_js]JTNDc2NyaXB0JTNFJTBBc2V0VGltZW91dCUyOCUyOCUyOSUyMCUzRCUzRSUyMCU3QiUwQXZhciUyMHBvcHVwJTIwJTNEJTIwZG9jdW1lbnQuZ2V0RWxlbWVudHNCeVRhZ05hbWUlMjglMjdodG1sJTI3JTI5JTVCMCU1RCUzQiUwQXBvcHVwLmNsYXNzTGlzdC5yZW1vdmUlMjglMjJ3bXBjaS1wb3B1cC1vcGVuJTIyJTI5JTNCJTBBJTdEJTJDJTIwNDAwJTI5JTNCJTBBJTNDJTJGc2NyaXB0JTNF[\/vc_raw_js][\/vc_column][\/vc_row]<\/p><\/div>\n","protected":false},"excerpt":{"rendered":"<p>[vc_row][vc_column][vc_custom_heading source=\u00bbpost_title\u00bb font_container=\u00bbtag:h1|font_size:40|text_align:left|color:%2398c900&#8243; use_theme_fonts=\u00bbyes\u00bb css=\u00bb.vc_custom_1620848219782{margin-bottom: 100px !important;}\u00bb][\/vc_custom_heading][vc_column_text] Rechazo de e-mails Usted podr\u00e1 siempre solicitar que lo removamos de nuestra lista de contactos v\u00eda e-mail, salvo respecto de aquellos correos electr\u00f3nicos que sean<\/p>\n","protected":false},"author":1,"featured_media":0,"parent":0,"menu_order":0,"comment_status":"closed","ping_status":"closed","template":"","meta":{"footnotes":""},"_links":{"self":[{"href":"https:\/\/fcipty.com\/box\/wp-json\/wp\/v2\/pages\/2157"}],"collection":[{"href":"https:\/\/fcipty.com\/box\/wp-json\/wp\/v2\/pages"}],"about":[{"href":"https:\/\/fcipty.com\/box\/wp-json\/wp\/v2\/types\/page"}],"author":[{"embeddable":true,"href":"https:\/\/fcipty.com\/box\/wp-json\/wp\/v2\/users\/1"}],"replies":[{"embeddable":true,"href":"https:\/\/fcipty.com\/box\/wp-json\/wp\/v2\/comments?post=2157"}],"version-history":[{"count":13,"href":"https:\/\/fcipty.com\/box\/wp-json\/wp\/v2\/pages\/2157\/revisions"}],"predecessor-version":[{"id":4108,"href":"https:\/\/fcipty.com\/box\/wp-json\/wp\/v2\/pages\/2157\/revisions\/4108"}],"wp:attachment":[{"href":"https:\/\/fcipty.com\/box\/wp-json\/wp\/v2\/media?parent=2157"}],"curies":[{"name":"wp","href":"https:\/\/api.w.org\/{rel}","templated":true}]}}